{"id":3864,"date":"2026-04-15T07:07:23","date_gmt":"2026-04-15T07:07:23","guid":{"rendered":"https:\/\/hoteis.kivale.com\/?page_id=3864"},"modified":"2026-04-17T11:38:53","modified_gmt":"2026-04-17T11:38:53","slug":"tour-chik-chik","status":"publish","type":"page","link":"https:\/\/hoteis.kivale.com\/pt\/tour-chik-chik\/","title":{"rendered":"Tour Chik Chik"},"content":{"rendered":"\t\t<div data-elementor-type=\"wp-page\" data-elementor-id=\"3864\" class=\"elementor elementor-3864\">\n\t\t\t\t<div class=\"elementor-element elementor-element-6c029fe7 e-flex e-con-boxed e-con e-parent\" data-id=\"6c029fe7\" data-element_type=\"container\" data-e-type=\"container\" data-settings=\"{&quot;background_background&quot;:&quot;classic&quot;}\">\n\t\t\t\t\t<div class=\"e-con-inner\">\n\t\t<div class=\"elementor-element elementor-element-26143c65 e-con-full e-flex e-con e-child\" data-id=\"26143c65\" data-element_type=\"container\" data-e-type=\"container\">\n\t\t\t\t<div class=\"elementor-element elementor-element-54d3aa2 elementor-widget elementor-widget-elementskit-heading\" data-id=\"54d3aa2\" data-element_type=\"widget\" data-e-type=\"widget\" data-widget_type=\"elementskit-heading.default\">\n\t\t\t\t\t<div class=\"ekit-wid-con\" ><div class=\"ekit-heading elementskit-section-title-wraper text_left   ekit_heading_tablet-   ekit_heading_mobile-\"><h2 class=\"ekit-heading--title elementskit-section-title \">Tour Chik Chik<\/h2><h1 class=\"ekit-heading--subtitle elementskit-section-subtitle  elementskit-style-border\">\n\t\t\t\t\t\tUma Plataforma Estrat\u00e9gica de Promo\u00e7\u00e3o Tur\u00edstica e Valoriza\u00e7\u00e3o Nacional\n\t\t\t\t\t<\/h1>\t\t\t\t<div class='ekit-heading__description'>\n\t\t\t\t\t<p>Fundada com uma vis\u00e3o clara: contribuir ativamente para o fortalecimento do turismo interno em Angola, promovendo experi\u00eancias organizadas, seguras e culturalmente enriquecedoras.<\/p>\n<p>\u00a0<\/p>\n\t\t\t\t<\/div>\n\t\t\t<\/div><\/div>\t\t\t\t<\/div>\n\t\t\t\t<\/div>\n\t\t\t\t\t<\/div>\n\t\t\t\t<\/div>\n\t\t<div class=\"elementor-element elementor-element-55b35512 e-flex e-con-boxed e-con e-parent\" data-id=\"55b35512\" data-element_type=\"container\" data-e-type=\"container\">\n\t\t\t\t\t<div class=\"e-con-inner\">\n\t\t\t\t<div class=\"elementor-element elementor-element-66b7df0 elementor-widget elementor-widget-text-editor\" data-id=\"66b7df0\" data-element_type=\"widget\" data-e-type=\"widget\" data-widget_type=\"text-editor.default\">\n\t\t\t\t\t\t\t\t\t<p>Mais do que uma iniciativa recreativa, a Tour consolidou-se como uma plataforma estruturada de mobiliza\u00e7\u00e3o social, valoriza\u00e7\u00e3o do patrim\u00f3nio hist\u00f3rico e natural, dinamiza\u00e7\u00e3o econ\u00f3mica local e refor\u00e7o da identidade nacional.<\/p><p>Cada edi\u00e7\u00e3o representa um compromisso institucional com o desenvolvimento sustent\u00e1vel, a integra\u00e7\u00e3o interprovincial e a promo\u00e7\u00e3o positiva dos destinos angolanos.<\/p>\t\t\t\t\t\t\t\t<\/div>\n\t\t\t\t\t<\/div>\n\t\t\t\t<\/div>\n\t\t<div class=\"elementor-element elementor-element-635d026 e-flex e-con-boxed e-con e-parent\" data-id=\"635d026\" data-element_type=\"container\" data-e-type=\"container\">\n\t\t\t\t\t<div class=\"e-con-inner\">\n\t\t\t\t<div class=\"elementor-element elementor-element-381bd46 elementor-widget elementor-widget-hfe-basic-posts\" data-id=\"381bd46\" data-element_type=\"widget\" data-e-type=\"widget\" data-widget_type=\"hfe-basic-posts.default\">\n\t\t\t\t<div class=\"elementor-widget-container\">\n\t\t\t\t\t\n<div class=\"hfe-posts-grid\">\n\t\t\t<article class=\"hfe-post-card\">\n\t\t\t\t\t\t\t<div class=\"hfe-post-image\">\n\t\t\t\t\t<a href=\"https:\/\/hoteis.kivale.com\/pt\/6a-edicao-tour-chik-chik-bibala-provincia-do-namibe\/\" rel=\"bookmark\">\n\t\t\t\t\t\t<img loading=\"lazy\" decoding=\"async\" width=\"1280\" height=\"739\" src=\"https:\/\/hoteis.kivale.com\/wp-content\/uploads\/2026\/04\/WhatsApp-Image-2026-04-06-at-10.53.13-3.jpeg\" class=\"attachment-1536x1536 size-1536x1536 wp-post-image\" alt=\"6\u00aa Edi\u00e7\u00e3o Tour Chik Chik \u2013 Bibala \u2013 Prov\u00edncia do Namibe\" loading=\"lazy\" srcset=\"https:\/\/hoteis.kivale.com\/wp-content\/uploads\/2026\/04\/WhatsApp-Image-2026-04-06-at-10.53.13-3.jpeg 1280w, https:\/\/hoteis.kivale.com\/wp-content\/uploads\/2026\/04\/WhatsApp-Image-2026-04-06-at-10.53.13-3-300x173.jpeg 300w, https:\/\/hoteis.kivale.com\/wp-content\/uploads\/2026\/04\/WhatsApp-Image-2026-04-06-at-10.53.13-3-1024x591.jpeg 1024w, https:\/\/hoteis.kivale.com\/wp-content\/uploads\/2026\/04\/WhatsApp-Image-2026-04-06-at-10.53.13-3-768x443.jpeg 768w, https:\/\/hoteis.kivale.com\/wp-content\/uploads\/2026\/04\/WhatsApp-Image-2026-04-06-at-10.53.13-3-18x10.jpeg 18w, https:\/\/hoteis.kivale.com\/wp-content\/uploads\/2026\/04\/WhatsApp-Image-2026-04-06-at-10.53.13-3-600x346.jpeg 600w\" sizes=\"auto, (max-width: 1280px) 100vw, 1280px\" \/>\t\t\t\t\t<\/a>\n\t\t\t\t<\/div>\n\t\t\t\n\t\t\t<div class=\"hfe-post-content\">\n\t\t\t\t\t\t\t\t\t<h3 class=\"hfe-post-title\">\n\t\t\t\t\t\t<a href=\"https:\/\/hoteis.kivale.com\/pt\/6a-edicao-tour-chik-chik-bibala-provincia-do-namibe\/\" rel=\"bookmark\">\n\t\t\t\t\t\t\t6\u00aa Edi\u00e7\u00e3o Tour Chik Chik \u2013 Bibala \u2013 Prov\u00edncia do Namibe\t\t\t\t\t\t<\/a>\n\t\t\t\t\t<\/h3>\n\t\t\t\t\n\t\t\t\t\t\t\t\t\t<div class=\"hfe-post-meta\">\n\t\t\t\t\t\t<span class=\"hfe-post-date\">Abril 14, 2026<\/span><span class=\"hfe-meta-separator\"> | <\/span><span class=\"hfe-post-author\">by info.kivale<\/span>\t\t\t\t\t<\/div>\n\t\t\t\t\n\t\t\t\t\t\t\t\t\t<div class=\"hfe-post-excerpt\">\n\t\t\t\t\t\tUma das maiores mobiliza\u00e7\u00f5es at\u00e9 ent\u00e3o, esta edi\u00e7\u00e3o marcou a expans\u00e3o estrat\u00e9gica da Tour para novas geografias, consolidando a sua...\t\t\t\t\t<\/div>\n\t\t\t\t\n\t\t\t\t\t\t\t<\/div>\n\t\t<\/article>\n\t\t\t\t<article class=\"hfe-post-card\">\n\t\t\t\t\t\t\t<div class=\"hfe-post-image\">\n\t\t\t\t\t<a href=\"https:\/\/hoteis.kivale.com\/pt\/4a-edicao-tour-chik-chik-cascata-da-banja-tchivinguiro-huila\/\" rel=\"bookmark\">\n\t\t\t\t\t\t<img loading=\"lazy\" decoding=\"async\" width=\"1280\" height=\"960\" src=\"https:\/\/hoteis.kivale.com\/wp-content\/uploads\/2026\/04\/WhatsApp-Image-2026-04-06-at-10.53.13-1.jpeg\" class=\"attachment-1536x1536 size-1536x1536 wp-post-image\" alt=\"4\u00aa Edi\u00e7\u00e3o Tour Chik Chik \u2013 Cascata da Banja &#8211; Tchivinguiro, Hu\u00edla\" loading=\"lazy\" srcset=\"https:\/\/hoteis.kivale.com\/wp-content\/uploads\/2026\/04\/WhatsApp-Image-2026-04-06-at-10.53.13-1.jpeg 1280w, https:\/\/hoteis.kivale.com\/wp-content\/uploads\/2026\/04\/WhatsApp-Image-2026-04-06-at-10.53.13-1-300x225.jpeg 300w, https:\/\/hoteis.kivale.com\/wp-content\/uploads\/2026\/04\/WhatsApp-Image-2026-04-06-at-10.53.13-1-1024x768.jpeg 1024w, https:\/\/hoteis.kivale.com\/wp-content\/uploads\/2026\/04\/WhatsApp-Image-2026-04-06-at-10.53.13-1-768x576.jpeg 768w, https:\/\/hoteis.kivale.com\/wp-content\/uploads\/2026\/04\/WhatsApp-Image-2026-04-06-at-10.53.13-1-16x12.jpeg 16w, https:\/\/hoteis.kivale.com\/wp-content\/uploads\/2026\/04\/WhatsApp-Image-2026-04-06-at-10.53.13-1-600x450.jpeg 600w\" sizes=\"auto, (max-width: 1280px) 100vw, 1280px\" \/>\t\t\t\t\t<\/a>\n\t\t\t\t<\/div>\n\t\t\t\n\t\t\t<div class=\"hfe-post-content\">\n\t\t\t\t\t\t\t\t\t<h3 class=\"hfe-post-title\">\n\t\t\t\t\t\t<a href=\"https:\/\/hoteis.kivale.com\/pt\/4a-edicao-tour-chik-chik-cascata-da-banja-tchivinguiro-huila\/\" rel=\"bookmark\">\n\t\t\t\t\t\t\t4\u00aa Edi\u00e7\u00e3o Tour Chik Chik \u2013 Cascata da Banja &#8211; Tchivinguiro, Hu\u00edla\t\t\t\t\t\t<\/a>\n\t\t\t\t\t<\/h3>\n\t\t\t\t\n\t\t\t\t\t\t\t\t\t<div class=\"hfe-post-meta\">\n\t\t\t\t\t\t<span class=\"hfe-post-date\">Abril 14, 2026<\/span><span class=\"hfe-meta-separator\"> | <\/span><span class=\"hfe-post-author\">by info.kivale<\/span>\t\t\t\t\t<\/div>\n\t\t\t\t\n\t\t\t\t\t\t\t\t\t<div class=\"hfe-post-excerpt\">\n\t\t\t\t\t\tCom participa\u00e7\u00e3o de cidad\u00e3os provenientes de diferentes prov\u00edncias, esta edi\u00e7\u00e3o ampliou o alcance geogr\u00e1fico da iniciativa, promovendo integra\u00e7\u00e3o interprovincial e...\t\t\t\t\t<\/div>\n\t\t\t\t\n\t\t\t\t\t\t\t<\/div>\n\t\t<\/article>\n\t\t\t\t<article class=\"hfe-post-card\">\n\t\t\t\t\t\t\t<div class=\"hfe-post-image\">\n\t\t\t\t\t<a href=\"https:\/\/hoteis.kivale.com\/pt\/3a-edicao-tour-chik-chik-humpata-huila-estacao-zootecnica\/\" rel=\"bookmark\">\n\t\t\t\t\t\t<img loading=\"lazy\" decoding=\"async\" width=\"1280\" height=\"853\" src=\"https:\/\/hoteis.kivale.com\/wp-content\/uploads\/2026\/04\/WhatsApp-Image-2026-04-06-at-10.53.10.jpeg\" class=\"attachment-1536x1536 size-1536x1536 wp-post-image\" alt=\"3\u00aa Edi\u00e7\u00e3o Tour Chik Chik \u2013 Humpata \u2013 Hu\u00edla, Esta\u00e7\u00e3o Zoot\u00e9cnica\" loading=\"lazy\" srcset=\"https:\/\/hoteis.kivale.com\/wp-content\/uploads\/2026\/04\/WhatsApp-Image-2026-04-06-at-10.53.10.jpeg 1280w, https:\/\/hoteis.kivale.com\/wp-content\/uploads\/2026\/04\/WhatsApp-Image-2026-04-06-at-10.53.10-300x200.jpeg 300w, https:\/\/hoteis.kivale.com\/wp-content\/uploads\/2026\/04\/WhatsApp-Image-2026-04-06-at-10.53.10-1024x682.jpeg 1024w, https:\/\/hoteis.kivale.com\/wp-content\/uploads\/2026\/04\/WhatsApp-Image-2026-04-06-at-10.53.10-768x512.jpeg 768w, https:\/\/hoteis.kivale.com\/wp-content\/uploads\/2026\/04\/WhatsApp-Image-2026-04-06-at-10.53.10-18x12.jpeg 18w, https:\/\/hoteis.kivale.com\/wp-content\/uploads\/2026\/04\/WhatsApp-Image-2026-04-06-at-10.53.10-600x400.jpeg 600w\" sizes=\"auto, (max-width: 1280px) 100vw, 1280px\" \/>\t\t\t\t\t<\/a>\n\t\t\t\t<\/div>\n\t\t\t\n\t\t\t<div class=\"hfe-post-content\">\n\t\t\t\t\t\t\t\t\t<h3 class=\"hfe-post-title\">\n\t\t\t\t\t\t<a href=\"https:\/\/hoteis.kivale.com\/pt\/3a-edicao-tour-chik-chik-humpata-huila-estacao-zootecnica\/\" rel=\"bookmark\">\n\t\t\t\t\t\t\t3\u00aa Edi\u00e7\u00e3o Tour Chik Chik \u2013 Humpata \u2013 Hu\u00edla, Esta\u00e7\u00e3o Zoot\u00e9cnica\t\t\t\t\t\t<\/a>\n\t\t\t\t\t<\/h3>\n\t\t\t\t\n\t\t\t\t\t\t\t\t\t<div class=\"hfe-post-meta\">\n\t\t\t\t\t\t<span class=\"hfe-post-date\">Abril 14, 2026<\/span><span class=\"hfe-meta-separator\"> | <\/span><span class=\"hfe-post-author\">by info.kivale<\/span>\t\t\t\t\t<\/div>\n\t\t\t\t\n\t\t\t\t\t\t\t\t\t<div class=\"hfe-post-excerpt\">\n\t\t\t\t\t\tEsta edi\u00e7\u00e3o evidenciou maturidade organizacional e capacidade de adapta\u00e7\u00e3o estrat\u00e9gica, mesmo perante desafios clim\u00e1ticos. A seguran\u00e7a e o bem-estar dos...\t\t\t\t\t<\/div>\n\t\t\t\t\n\t\t\t\t\t\t\t<\/div>\n\t\t<\/article>\n\t\t\t\t<article class=\"hfe-post-card\">\n\t\t\t\t\t\t\t<div class=\"hfe-post-image\">\n\t\t\t\t\t<a href=\"https:\/\/hoteis.kivale.com\/pt\/2a-edicao-tour-chik-chik-humpata-huila-cascata-da-ungia\/\" rel=\"bookmark\">\n\t\t\t\t\t\t<img loading=\"lazy\" decoding=\"async\" width=\"1536\" height=\"1023\" src=\"https:\/\/hoteis.kivale.com\/wp-content\/uploads\/2026\/04\/WhatsApp-Image-2026-04-06-at-10.53.09-1-1536x1023.jpeg\" class=\"attachment-1536x1536 size-1536x1536 wp-post-image\" alt=\"2\u00aa Edi\u00e7\u00e3o Tour Chik Chik \u2013 Humpata \u2013 Hu\u00edla, Cascata da Ungia\" loading=\"lazy\" srcset=\"https:\/\/hoteis.kivale.com\/wp-content\/uploads\/2026\/04\/WhatsApp-Image-2026-04-06-at-10.53.09-1-1536x1023.jpeg 1536w, https:\/\/hoteis.kivale.com\/wp-content\/uploads\/2026\/04\/WhatsApp-Image-2026-04-06-at-10.53.09-1-300x200.jpeg 300w, https:\/\/hoteis.kivale.com\/wp-content\/uploads\/2026\/04\/WhatsApp-Image-2026-04-06-at-10.53.09-1-1024x682.jpeg 1024w, https:\/\/hoteis.kivale.com\/wp-content\/uploads\/2026\/04\/WhatsApp-Image-2026-04-06-at-10.53.09-1-768x512.jpeg 768w, https:\/\/hoteis.kivale.com\/wp-content\/uploads\/2026\/04\/WhatsApp-Image-2026-04-06-at-10.53.09-1-18x12.jpeg 18w, https:\/\/hoteis.kivale.com\/wp-content\/uploads\/2026\/04\/WhatsApp-Image-2026-04-06-at-10.53.09-1-600x400.jpeg 600w, https:\/\/hoteis.kivale.com\/wp-content\/uploads\/2026\/04\/WhatsApp-Image-2026-04-06-at-10.53.09-1.jpeg 1600w\" sizes=\"auto, (max-width: 1536px) 100vw, 1536px\" \/>\t\t\t\t\t<\/a>\n\t\t\t\t<\/div>\n\t\t\t\n\t\t\t<div class=\"hfe-post-content\">\n\t\t\t\t\t\t\t\t\t<h3 class=\"hfe-post-title\">\n\t\t\t\t\t\t<a href=\"https:\/\/hoteis.kivale.com\/pt\/2a-edicao-tour-chik-chik-humpata-huila-cascata-da-ungia\/\" rel=\"bookmark\">\n\t\t\t\t\t\t\t2\u00aa Edi\u00e7\u00e3o Tour Chik Chik \u2013 Humpata \u2013 Hu\u00edla, Cascata da Ungia\t\t\t\t\t\t<\/a>\n\t\t\t\t\t<\/h3>\n\t\t\t\t\n\t\t\t\t\t\t\t\t\t<div class=\"hfe-post-meta\">\n\t\t\t\t\t\t<span class=\"hfe-post-date\">Abril 14, 2026<\/span><span class=\"hfe-meta-separator\"> | <\/span><span class=\"hfe-post-author\">by info.kivale<\/span>\t\t\t\t\t<\/div>\n\t\t\t\t\n\t\t\t\t\t\t\t\t\t<div class=\"hfe-post-excerpt\">\n\t\t\t\t\t\tRealizada no Dia do Her\u00f3i Nacional, esta edi\u00e7\u00e3o refor\u00e7ou o crescimento da iniciativa e consolidou o interesse do p\u00fablico pelo...\t\t\t\t\t<\/div>\n\t\t\t\t\n\t\t\t\t\t\t\t<\/div>\n\t\t<\/article>\n\t\t\t\t<article class=\"hfe-post-card\">\n\t\t\t\t\t\t\t<div class=\"hfe-post-image\">\n\t\t\t\t\t<a href=\"https:\/\/hoteis.kivale.com\/pt\/1a-edicao-tour-chik-chik-museu-regional-da-huila-fenda-da-tundavala\/\" rel=\"bookmark\">\n\t\t\t\t\t\t<img loading=\"lazy\" decoding=\"async\" width=\"1080\" height=\"810\" src=\"https:\/\/hoteis.kivale.com\/wp-content\/uploads\/2026\/04\/WhatsApp-Image-2026-04-06-at-10.53.08-2.jpeg\" class=\"attachment-1536x1536 size-1536x1536 wp-post-image\" alt=\"1\u00aa Edi\u00e7\u00e3o Tour Chik Chik &#8211; Museu Regional da Hu\u00edla e Fenda da Tundavala\" loading=\"lazy\" srcset=\"https:\/\/hoteis.kivale.com\/wp-content\/uploads\/2026\/04\/WhatsApp-Image-2026-04-06-at-10.53.08-2.jpeg 1080w, https:\/\/hoteis.kivale.com\/wp-content\/uploads\/2026\/04\/WhatsApp-Image-2026-04-06-at-10.53.08-2-300x225.jpeg 300w, https:\/\/hoteis.kivale.com\/wp-content\/uploads\/2026\/04\/WhatsApp-Image-2026-04-06-at-10.53.08-2-1024x768.jpeg 1024w, https:\/\/hoteis.kivale.com\/wp-content\/uploads\/2026\/04\/WhatsApp-Image-2026-04-06-at-10.53.08-2-768x576.jpeg 768w, https:\/\/hoteis.kivale.com\/wp-content\/uploads\/2026\/04\/WhatsApp-Image-2026-04-06-at-10.53.08-2-16x12.jpeg 16w, https:\/\/hoteis.kivale.com\/wp-content\/uploads\/2026\/04\/WhatsApp-Image-2026-04-06-at-10.53.08-2-600x450.jpeg 600w\" sizes=\"auto, (max-width: 1080px) 100vw, 1080px\" \/>\t\t\t\t\t<\/a>\n\t\t\t\t<\/div>\n\t\t\t\n\t\t\t<div class=\"hfe-post-content\">\n\t\t\t\t\t\t\t\t\t<h3 class=\"hfe-post-title\">\n\t\t\t\t\t\t<a href=\"https:\/\/hoteis.kivale.com\/pt\/1a-edicao-tour-chik-chik-museu-regional-da-huila-fenda-da-tundavala\/\" rel=\"bookmark\">\n\t\t\t\t\t\t\t1\u00aa Edi\u00e7\u00e3o Tour Chik Chik &#8211; Museu Regional da Hu\u00edla e Fenda da Tundavala\t\t\t\t\t\t<\/a>\n\t\t\t\t\t<\/h3>\n\t\t\t\t\n\t\t\t\t\t\t\t\t\t<div class=\"hfe-post-meta\">\n\t\t\t\t\t\t<span class=\"hfe-post-date\">Abril 14, 2026<\/span><span class=\"hfe-meta-separator\"> | <\/span><span class=\"hfe-post-author\">by info.kivale<\/span>\t\t\t\t\t<\/div>\n\t\t\t\t\n\t\t\t\t\t\t\t\t\t<div class=\"hfe-post-excerpt\">\n\t\t\t\t\t\tRealizada simbolicamente no Dia da Independ\u00eancia Nacional, a 1\u00aa Tour Chik Chik marcou o in\u00edcio de um projeto vision\u00e1rio no...\t\t\t\t\t<\/div>\n\t\t\t\t\n\t\t\t\t\t\t\t<\/div>\n\t\t<\/article>\n\t\t<\/div>\n\t\t\t\t<\/div>\n\t\t\t\t<\/div>\n\t\t\t\t\t<\/div>\n\t\t\t\t<\/div>\n\t\t\t\t<\/div>\n\t\t","protected":false},"excerpt":{"rendered":"<p>Tour Chik Chik Uma Plataforma Estrat\u00e9gica de Promo\u00e7\u00e3o Tur\u00edstica e Valoriza\u00e7\u00e3o Nacional Fundada com uma vis\u00e3o clara: contribuir ativamente para o fortalecimento do turismo interno em Angola, promovendo experi\u00eancias organizadas, seguras e culturalmente enriquecedoras. \u00a0 Mais do que uma iniciativa recreativa, a Tour consolidou-se como uma plataforma estruturada de mobiliza\u00e7\u00e3o social, valoriza\u00e7\u00e3o do patrim\u00f3nio hist\u00f3rico&hellip;<\/p>\n","protected":false},"author":1,"featured_media":0,"parent":0,"menu_order":0,"comment_status":"closed","ping_status":"closed","template":"elementor_header_footer","meta":{"footnotes":""},"class_list":["post-3864","page","type-page","status-publish","hentry"],"_links":{"self":[{"href":"https:\/\/hoteis.kivale.com\/pt\/wp-json\/wp\/v2\/pages\/3864","targetHints":{"allow":["GET"]}}],"collection":[{"href":"https:\/\/hoteis.kivale.com\/pt\/wp-json\/wp\/v2\/pages"}],"about":[{"href":"https:\/\/hoteis.kivale.com\/pt\/wp-json\/wp\/v2\/types\/page"}],"author":[{"embeddable":true,"href":"https:\/\/hoteis.kivale.com\/pt\/wp-json\/wp\/v2\/users\/1"}],"replies":[{"embeddable":true,"href":"https:\/\/hoteis.kivale.com\/pt\/wp-json\/wp\/v2\/comments?post=3864"}],"version-history":[{"count":91,"href":"https:\/\/hoteis.kivale.com\/pt\/wp-json\/wp\/v2\/pages\/3864\/revisions"}],"predecessor-version":[{"id":3976,"href":"https:\/\/hoteis.kivale.com\/pt\/wp-json\/wp\/v2\/pages\/3864\/revisions\/3976"}],"wp:attachment":[{"href":"https:\/\/hoteis.kivale.com\/pt\/wp-json\/wp\/v2\/media?parent=3864"}],"curies":[{"name":"wp","href":"https:\/\/api.w.org\/{rel}","templated":true}]}}